{"id":1495,"date":"2021-02-28T12:51:26","date_gmt":"2021-02-28T11:51:26","guid":{"rendered":"https:\/\/www.oureval.fr\/contact\/"},"modified":"2022-06-20T11:40:30","modified_gmt":"2022-06-20T09:40:30","slug":"contact","status":"publish","type":"page","link":"https:\/\/www.oureval.fr\/en\/contact\/","title":{"rendered":"Contact"},"content":{"rendered":"<p><!-- flzn:zn_pagebanner --><\/p>\n<header id=\"flzn-pagebanner-1\" class=\"zone zn-pagebanner with-bg bg-color bg-is-gray\"><span class=\"zone-bg bg-color bgc-gray alignfull\"><\/span><\/p>\n<div class=\"zone-block zn-pagebanner-block alignwide va-center\"><\/div>\n<\/header>\n<p><!-- \/flzn:zn_pagebanner --><br \/>\n<!-- flzn:zn_text --><\/p>\n<div id=\"flzn-text-1\" class=\"zone zn-text with-bg bg-color bg-is-gray\"><span class=\"zone-bg bg-color bgc-gray alignfull\"><\/span><\/p>\n<div class=\"zone-block zn-text-block pdd-top-off alignwide va-center\">\n<div class=\"row mw-content-zone\">\n<div class=\"columns large-12\">\n<div class=\"row with-nice-alignment nbloc-2 va-center\" data-equalizer data-equalize-on=\"large\">\n<div class=\"columns large-6 zn-text-col\" data-equalizer-watch>\n<div class=\"columns-inner\">\n<div class=\"wig-content mw-content\">\n<p><iframe loading=\"lazy\" style=\"border: 0;\" src=\"https:\/\/www.google.com\/maps\/embed?pb=!1m14!1m8!1m3!1d10609.020796151466!2d7.3150022!3d48.3363999!3m2!1i1024!2i768!4f13.1!3m3!1m2!1s0x0%3A0x2043ab5b0ad9ffba!2sOureval%20Sa!5e0!3m2!1sfr!2sfr!4v1621331093149!5m2!1sfr!2sfr\" width=\"600\" height=\"300\" allowfullscreen=\"allowfullscreen\"><\/iframe><\/p>\n<\/p><\/div>\n<\/p><\/div>\n<\/p><\/div>\n<div class=\"columns large-6 zn-text-col\" data-equalizer-watch>\n<div class=\"columns-inner\">\n<div class=\"wig-content mw-content\">\n<p><strong>The Our\u00e9val team will be delighted to answer all your questions and help you develop your industrial and fine sheet metal project.<\/strong><\/p>\n<p>You can contact us via the form below, <a href=\"tel:+33388589458\">call us<\/a> or come and see us in Neuve-\u00c9glise:<\/p>\n<p><strong>Our\u00e9val<\/strong><br \/>\n2 Rue du Climont<br \/>\n67220 Neuve-\u00c9glise (France)<\/p>\n<\/p><\/div>\n<\/p><\/div>\n<\/p><\/div>\n<\/p><\/div>\n<\/p><\/div>\n<\/p><\/div>\n<\/div>\n<\/div>\n<p><!-- \/flzn:zn_text --><br \/>\n<!-- flzn:zn_text --><\/p>\n<div id=\"flzn-text-2\" class=\"zone zn-text\">\n<div class=\"zone-block zn-text-block va-center\">\n<div class=\"row mw-content-zone\">\n<div class=\"columns large-12\">\n<div class=\"row large-up-1 with-nice-alignment nbloc-1\">\n<div class=\"column zn-text-col\">\n<div class=\"column-inner\">\n<div class=\"wig-content mw-content\">\n<h2 style=\"text-align: center;\">Contact us<\/h2>\n<div role=\"form\" class=\"wpcf7\" id=\"wpcf7-f1587-o1\" lang=\"fr-FR\" dir=\"ltr\">\n<div class=\"screen-reader-response\">\n<p role=\"status\" aria-live=\"polite\" aria-atomic=\"true\">\n<ul><\/ul>\n<\/div>\n<form action=\"\/wp-admin\/post.php#wpcf7-f1587-o1\" method=\"post\" class=\"wpcf7-form init\" enctype=\"multipart\/form-data\" novalidate=\"novalidate\" data-status=\"init\">\n<div style=\"display: none;\">\n<input type=\"hidden\" name=\"_wpcf7\" value=\"1587\" \/><br \/>\n<input type=\"hidden\" name=\"_wpcf7_version\" value=\"5.5.6.1\" \/><br \/>\n<input type=\"hidden\" name=\"_wpcf7_locale\" value=\"fr_FR\" \/><br \/>\n<input type=\"hidden\" name=\"_wpcf7_unit_tag\" value=\"wpcf7-f1587-o1\" \/><br \/>\n<input type=\"hidden\" name=\"_wpcf7_container_post\" value=\"0\" \/><br \/>\n<input type=\"hidden\" name=\"_wpcf7_posted_data_hash\" value=\"\" \/><br \/>\n<input type=\"hidden\" name=\"_wpcf7_recaptcha_response\" value=\"\" \/>\n<\/div>\n<div class=\"formcontact formsite with-magiclabel\">\n<div class=\"row\">\n<div class=\"columns medium-6\">\n<div class=\"fieldbox\">\n\t\t\t\t<label for=\"nom-societe\" class=\"fieldbox-label\">Nom soci\u00e9t\u00e9<span class=\"redstar\">*<\/span><\/label><br \/>\n\t\t\t\t<span class=\"wpcf7-form-control-wrap nom-societe\"><input type=\"text\" name=\"nom-societe\" value=\"\" size=\"40\" class=\"wpcf7-form-control wpcf7-text wpcf7-validates-as-required fieldbox-field\" aria-required=\"true\" aria-invalid=\"false\" \/><\/span>\n\t\t\t<\/div>\n<\/p><\/div>\n<\/p><\/div>\n<div class=\"row\">\n<div class=\"columns medium-6\">\n<div class=\"fieldbox\">\n\t\t\t\t<label for=\"nom\" class=\"fieldbox-label\">Nom<span class=\"redstar\">*<\/span><\/label><br \/>\n\t\t\t\t<span class=\"wpcf7-form-control-wrap nom\"><input type=\"text\" name=\"nom\" value=\"\" size=\"40\" class=\"wpcf7-form-control wpcf7-text wpcf7-validates-as-required fieldbox-field\" aria-required=\"true\" aria-invalid=\"false\" \/><\/span>\n\t\t\t<\/div>\n<\/p><\/div>\n<div class=\"columns medium-6\">\n<div class=\"fieldbox\">\n\t\t\t\t<label for=\"prenom\" class=\"fieldbox-label\">Pr\u00e9nom<span class=\"redstar\">*<\/span><\/label><br \/>\n\t\t\t\t<span class=\"wpcf7-form-control-wrap prenom\"><input type=\"text\" name=\"prenom\" value=\"\" size=\"40\" class=\"wpcf7-form-control wpcf7-text wpcf7-validates-as-required fieldbox-field\" aria-required=\"true\" aria-invalid=\"false\" \/><\/span>\n\t\t\t<\/div>\n<\/p><\/div>\n<\/p><\/div>\n<div class=\"row\">\n<div class=\"columns medium-4\">\n<div class=\"fieldbox\">\n\t\t\t\t<label for=\"telephone\" class=\"fieldbox-label\">T\u00e9l\u00e9phone<span class=\"redstar\">*<\/span><\/label><br \/>\n\t\t\t\t<span class=\"wpcf7-form-control-wrap telephone\"><input type=\"tel\" name=\"telephone\" value=\"\" size=\"40\" class=\"wpcf7-form-control wpcf7-text wpcf7-tel wpcf7-validates-as-required wpcf7-validates-as-tel fieldbox-field\" aria-required=\"true\" aria-invalid=\"false\" \/><\/span>\n\t\t\t<\/div>\n<\/p><\/div>\n<div class=\"columns medium-8\">\n<div class=\"fieldbox\">\n\t\t\t\t<label for=\"email\" class=\"fieldbox-label\">E-mail<span class=\"redstar\">*<\/span><\/label><br \/>\n\t\t\t\t<span class=\"wpcf7-form-control-wrap email\"><input type=\"email\" name=\"email\" value=\"\" size=\"40\" class=\"wpcf7-form-control wpcf7-text wpcf7-email wpcf7-validates-as-required wpcf7-validates-as-email fieldbox-field\" aria-required=\"true\" aria-invalid=\"false\" \/><\/span>\n\t\t\t<\/div>\n<\/p><\/div>\n<\/p><\/div>\n<div class=\"row\">\n<div class=\"columns large-12\">\n<div class=\"fieldbox is-textarea\">\n\t\t\t\t<label for=\"message\" class=\"fieldbox-label\">Message<span class=\"redstar\">*<\/span><\/label><br \/>\n\t\t\t\t<span class=\"wpcf7-form-control-wrap message\"><textarea name=\"message\" cols=\"40\" rows=\"10\" class=\"wpcf7-form-control wpcf7-textarea wpcf7-validates-as-required fieldbox-field\" aria-required=\"true\" aria-invalid=\"false\"><\/textarea><\/span>\n\t\t\t<\/div>\n<\/p><\/div>\n<\/p><\/div>\n<div class=\"row\">\n<div class=\"columns large-6 end\">\n<div class=\"fieldbox is-file no-magic\">\n\t\t\t\t<label for=\"plan\" class=\"fieldbox-label\">D\u00e9poser vos plans (.pdf, .zip, .jpg, .png, .dxf, .step)<br \/><\/label><br \/>\n\t\t\t\t<span class=\"wpcf7-form-control-wrap plans\"><input type=\"file\" name=\"plans\" size=\"40\" class=\"wpcf7-form-control wpcf7-file fieldbox-field\" accept=\".pdf,.zip,.jpg,.png,.dxf,.step\" aria-invalid=\"false\" \/><\/span>\n\t\t\t<\/div>\n<\/p><\/div>\n<\/p><\/div>\n<div class=\"row\">\n<div class=\"columns large-12\">\n<div class=\"fieldbox fieldbox-checkbox no-magic\">\n\t\t\t\t<label for=\"rgpd\" class=\"fieldbox-label show-for-sr\">Traitement des donn\u00e9es<span class=\"redstar\">*<\/span><\/label><br \/>\n\t\t\t\t<span class=\"wpcf7-form-control-wrap rgpd\"><span class=\"wpcf7-form-control wpcf7-checkbox wpcf7-validates-as-required fieldbox-field\"><span class=\"wpcf7-list-item first last\"><label><input type=\"checkbox\" name=\"rgpd[]\" value=\"En envoyant ce formulaire, j&#039;accepte que les informations saisies soient utilis\u00e9es dans le cadre de ma demande de contact et de la relation commerciale qui peut en d\u00e9couler.*\" \/><span class=\"wpcf7-list-item-label\">En envoyant ce formulaire, j&#039;accepte que les informations saisies soient utilis\u00e9es dans le cadre de ma demande de contact et de la relation commerciale qui peut en d\u00e9couler.*<\/span><\/label><\/span><\/span><\/span>\n\t\t\t<\/div>\n<\/p><\/div>\n<\/p><\/div>\n<div class=\"row\">\n<div class=\"columns medium-12\">\n\t\t\t<span class=\"wpcf7-form-control-wrap recaptcha\"><span data-sitekey=\"6LdTwJMaAAAAAJTCcHzuTrkiGaZknX4ipeAh6soi\" class=\"wpcf7-form-control g-recaptcha wpcf7-recaptcha\"><\/span><br \/>\n<noscript><\/p>\n<div class=\"grecaptcha-noscript\">\n\t\t<iframe loading=\"lazy\" src=\"https:\/\/www.google.com\/recaptcha\/api\/fallback?k=6LdTwJMaAAAAAJTCcHzuTrkiGaZknX4ipeAh6soi\" frameborder=\"0\" scrolling=\"no\" width=\"310\" height=\"430\"><br \/>\n\t\t<\/iframe><br \/>\n\t\t<textarea name=\"g-recaptcha-response\" rows=\"3\" cols=\"40\" placeholder=\"reCaptcha Response Here\"><br \/>\n\t\t<\/textarea>\n\t<\/div>\n<p><\/noscript><br \/>\n<\/span>\n\t\t<\/div>\n<\/p><\/div>\n<div class=\"row\">\n<div class=\"columns medium-12 formsite-submit-col\">\n\t\t\t<span class=\"formsite-txt-info\"><span class=\"redstar\">*<\/span>Champs obligatoires<\/span><br \/>\n\t\t\t<span class=\"formsite-submit-box\"><br \/>\n\t\t\t\t<input type=\"submit\" value=\"Envoyer\" class=\"wpcf7-form-control has-spinner wpcf7-submit button-box\" \/><br \/>\n\t\t\t<\/span>\n\t\t<\/div>\n<\/p><\/div>\n<div class=\"row\">\n<div class=\"columns large-12\">\n<div class=\"formsite-legaltxt\">\n<p>Les informations recueillies sur ce formulaire sont enregistr\u00e9es dans un fichier informatis\u00e9 par Our\u00e9val pour la gestion des demandes de contact. Elles sont destin\u00e9es uniquement \u00e0 Our\u00e9val et sont conserv\u00e9es pendant la dur\u00e9e de la relation pr\u00e9contractuelle et de l\u2019\u00e9ventuelle relation contractuelle qui en d\u00e9coule le cas \u00e9ch\u00e9ant, puis archiv\u00e9es durant le d\u00e9lai de prescription l\u00e9gale. Conform\u00e9ment \u00e0 la loi \u00ab informatique et libert\u00e9s \u00bb, vous pouvez exercer votre droit d&#8217;acc\u00e8s aux donn\u00e9es vous concernant et les faire rectifier en contactant Our\u00e9val via ce m\u00eame formulaire ou par courrier postal \u00e0 l&#8217;adresse suivante : Our\u00e9val &#8211; Zone industrielle de Vill\u00e9 &#8211; Rue du Climont &#8211; 67220 Neuve-\u00c9glise (France).<\/p>\n<p><a target=\"_blank\" href=\"https:\/\/www.oureval.fr\/mentions-legales\/\" rel=\"noopener\">En savoir plus sur notre politique de protection des donn\u00e9es personnelles<\/a><\/p>\n<\/p><\/div>\n<\/p><\/div>\n<\/p><\/div>\n<\/div>\n<p style=\"display: none !important;\"><label>&#916;<textarea name=\"_wpcf7_ak_hp_textarea\" cols=\"45\" rows=\"8\" maxlength=\"100\"><\/textarea><\/label><input type=\"hidden\" id=\"ak_js_1\" name=\"_wpcf7_ak_js\" value=\"179\"\/><script>document.getElementById( \"ak_js_1\" ).setAttribute( \"value\", ( new Date() ).getTime() );<\/script><\/p>\n<div class=\"wpcf7-response-output\" aria-hidden=\"true\"><\/div>\n<\/form>\n<\/div><\/div>\n<\/p><\/div>\n<\/p><\/div>\n<\/p><\/div>\n<\/p><\/div>\n<\/p><\/div>\n<\/div>\n<\/div>\n<p><!-- \/flzn:zn_text --><\/p>\n","protected":false},"excerpt":{"rendered":"<p>The Our\u00e9val team will be delighted to answer all your questions and help you develop your industrial and fine sheet metal project. You can contact us via the form below, [&hellip;]<\/p>\n","protected":false},"author":3,"featured_media":0,"parent":0,"menu_order":50,"comment_status":"closed","ping_status":"closed","template":"","meta":{"_acf_changed":false,"footnotes":""},"class_list":["post-1495","page","type-page","status-publish","hentry","wp-sticky"],"acf":[],"yoast_head":"<!-- This site is optimized with the Yoast SEO plugin v27.5 - https:\/\/yoast.com\/product\/yoast-seo-wordpress\/ -->\n<title>Contact<\/title>\n<meta name=\"robots\" content=\"index, follow, max-snippet:-1, max-image-preview:large, max-video-preview:-1\" \/>\n<link rel=\"canonical\" href=\"https:\/\/www.oureval.fr\/en\/contact\/\" \/>\n<meta property=\"og:locale\" content=\"en_US\" \/>\n<meta property=\"og:type\" content=\"article\" \/>\n<meta property=\"og:title\" content=\"Contact\" \/>\n<meta property=\"og:description\" content=\"The Our\u00e9val team will be delighted to answer all your questions and help you develop your industrial and fine sheet metal project. You can contact us via the form below, [&hellip;]\" \/>\n<meta property=\"og:url\" content=\"https:\/\/www.oureval.fr\/en\/contact\/\" \/>\n<meta property=\"og:site_name\" content=\"Our\u00e9val\" \/>\n<meta property=\"article:modified_time\" content=\"2022-06-20T09:40:30+00:00\" \/>\n<meta property=\"og:image\" content=\"https:\/\/www.oureval.fr\/wp-inside\/uploads\/2021\/02\/oureval-home.jpg\" \/>\n\t<meta property=\"og:image:width\" content=\"2000\" \/>\n\t<meta property=\"og:image:height\" content=\"1334\" \/>\n\t<meta property=\"og:image:type\" content=\"image\/jpeg\" \/>\n<meta name=\"twitter:card\" content=\"summary_large_image\" \/>\n<meta name=\"twitter:label1\" content=\"Est. reading time\" \/>\n\t<meta name=\"twitter:data1\" content=\"1 minute\" \/>\n<script type=\"application\/ld+json\" class=\"yoast-schema-graph\">{\"@context\":\"https:\\\/\\\/schema.org\",\"@graph\":[{\"@type\":\"WebPage\",\"@id\":\"https:\\\/\\\/www.oureval.fr\\\/en\\\/contact\\\/\",\"url\":\"https:\\\/\\\/www.oureval.fr\\\/en\\\/contact\\\/\",\"name\":\"Contact\",\"isPartOf\":{\"@id\":\"https:\\\/\\\/www.oureval.fr\\\/en\\\/#website\"},\"datePublished\":\"2021-02-28T11:51:26+00:00\",\"dateModified\":\"2022-06-20T09:40:30+00:00\",\"breadcrumb\":{\"@id\":\"https:\\\/\\\/www.oureval.fr\\\/en\\\/contact\\\/#breadcrumb\"},\"inLanguage\":\"en-US\",\"potentialAction\":[{\"@type\":\"ReadAction\",\"target\":[\"https:\\\/\\\/www.oureval.fr\\\/en\\\/contact\\\/\"]}]},{\"@type\":\"BreadcrumbList\",\"@id\":\"https:\\\/\\\/www.oureval.fr\\\/en\\\/contact\\\/#breadcrumb\",\"itemListElement\":[{\"@type\":\"ListItem\",\"position\":1,\"name\":\"Home\",\"item\":\"https:\\\/\\\/www.oureval.fr\\\/en\\\/\"},{\"@type\":\"ListItem\",\"position\":2,\"name\":\"Contact\"}]},{\"@type\":\"WebSite\",\"@id\":\"https:\\\/\\\/www.oureval.fr\\\/en\\\/#website\",\"url\":\"https:\\\/\\\/www.oureval.fr\\\/en\\\/\",\"name\":\"Our\u00e9val\",\"description\":\"Conception et fabrication outillage de presse\",\"publisher\":{\"@id\":\"https:\\\/\\\/www.oureval.fr\\\/en\\\/#organization\"},\"potentialAction\":[{\"@type\":\"SearchAction\",\"target\":{\"@type\":\"EntryPoint\",\"urlTemplate\":\"https:\\\/\\\/www.oureval.fr\\\/en\\\/?s={search_term_string}\"},\"query-input\":{\"@type\":\"PropertyValueSpecification\",\"valueRequired\":true,\"valueName\":\"search_term_string\"}}],\"inLanguage\":\"en-US\"},{\"@type\":\"Organization\",\"@id\":\"https:\\\/\\\/www.oureval.fr\\\/en\\\/#organization\",\"name\":\"Our\u00e9val\",\"url\":\"https:\\\/\\\/www.oureval.fr\\\/en\\\/\",\"logo\":{\"@type\":\"ImageObject\",\"inLanguage\":\"en-US\",\"@id\":\"https:\\\/\\\/www.oureval.fr\\\/en\\\/#\\\/schema\\\/logo\\\/image\\\/\",\"url\":\"https:\\\/\\\/www.oureval.fr\\\/wp-inside\\\/uploads\\\/2021\\\/03\\\/logo-oureval_2x.png\",\"contentUrl\":\"https:\\\/\\\/www.oureval.fr\\\/wp-inside\\\/uploads\\\/2021\\\/03\\\/logo-oureval_2x.png\",\"width\":440,\"height\":100,\"caption\":\"Our\u00e9val\"},\"image\":{\"@id\":\"https:\\\/\\\/www.oureval.fr\\\/en\\\/#\\\/schema\\\/logo\\\/image\\\/\"},\"sameAs\":[\"https:\\\/\\\/www.linkedin.com\\\/company\\\/oureval-sa\\\/\",\"https:\\\/\\\/www.youtube.com\\\/channel\\\/UCiwjM6m7zBNi_SpwVvTWDIw\"]}]}<\/script>\n<!-- \/ Yoast SEO plugin. -->","yoast_head_json":{"title":"Contact","robots":{"index":"index","follow":"follow","max-snippet":"max-snippet:-1","max-image-preview":"max-image-preview:large","max-video-preview":"max-video-preview:-1"},"canonical":"https:\/\/www.oureval.fr\/en\/contact\/","og_locale":"en_US","og_type":"article","og_title":"Contact","og_description":"The Our\u00e9val team will be delighted to answer all your questions and help you develop your industrial and fine sheet metal project. You can contact us via the form below, [&hellip;]","og_url":"https:\/\/www.oureval.fr\/en\/contact\/","og_site_name":"Our\u00e9val","article_modified_time":"2022-06-20T09:40:30+00:00","og_image":[{"width":2000,"height":1334,"url":"https:\/\/www.oureval.fr\/wp-inside\/uploads\/2021\/02\/oureval-home.jpg","type":"image\/jpeg"}],"twitter_card":"summary_large_image","twitter_misc":{"Est. reading time":"1 minute"},"schema":{"@context":"https:\/\/schema.org","@graph":[{"@type":"WebPage","@id":"https:\/\/www.oureval.fr\/en\/contact\/","url":"https:\/\/www.oureval.fr\/en\/contact\/","name":"Contact","isPartOf":{"@id":"https:\/\/www.oureval.fr\/en\/#website"},"datePublished":"2021-02-28T11:51:26+00:00","dateModified":"2022-06-20T09:40:30+00:00","breadcrumb":{"@id":"https:\/\/www.oureval.fr\/en\/contact\/#breadcrumb"},"inLanguage":"en-US","potentialAction":[{"@type":"ReadAction","target":["https:\/\/www.oureval.fr\/en\/contact\/"]}]},{"@type":"BreadcrumbList","@id":"https:\/\/www.oureval.fr\/en\/contact\/#breadcrumb","itemListElement":[{"@type":"ListItem","position":1,"name":"Home","item":"https:\/\/www.oureval.fr\/en\/"},{"@type":"ListItem","position":2,"name":"Contact"}]},{"@type":"WebSite","@id":"https:\/\/www.oureval.fr\/en\/#website","url":"https:\/\/www.oureval.fr\/en\/","name":"Our\u00e9val","description":"Conception et fabrication outillage de presse","publisher":{"@id":"https:\/\/www.oureval.fr\/en\/#organization"},"potentialAction":[{"@type":"SearchAction","target":{"@type":"EntryPoint","urlTemplate":"https:\/\/www.oureval.fr\/en\/?s={search_term_string}"},"query-input":{"@type":"PropertyValueSpecification","valueRequired":true,"valueName":"search_term_string"}}],"inLanguage":"en-US"},{"@type":"Organization","@id":"https:\/\/www.oureval.fr\/en\/#organization","name":"Our\u00e9val","url":"https:\/\/www.oureval.fr\/en\/","logo":{"@type":"ImageObject","inLanguage":"en-US","@id":"https:\/\/www.oureval.fr\/en\/#\/schema\/logo\/image\/","url":"https:\/\/www.oureval.fr\/wp-inside\/uploads\/2021\/03\/logo-oureval_2x.png","contentUrl":"https:\/\/www.oureval.fr\/wp-inside\/uploads\/2021\/03\/logo-oureval_2x.png","width":440,"height":100,"caption":"Our\u00e9val"},"image":{"@id":"https:\/\/www.oureval.fr\/en\/#\/schema\/logo\/image\/"},"sameAs":["https:\/\/www.linkedin.com\/company\/oureval-sa\/","https:\/\/www.youtube.com\/channel\/UCiwjM6m7zBNi_SpwVvTWDIw"]}]}},"_links":{"self":[{"href":"https:\/\/www.oureval.fr\/en\/wp-json\/wp\/v2\/pages\/1495","targetHints":{"allow":["GET"]}}],"collection":[{"href":"https:\/\/www.oureval.fr\/en\/wp-json\/wp\/v2\/pages"}],"about":[{"href":"https:\/\/www.oureval.fr\/en\/wp-json\/wp\/v2\/types\/page"}],"author":[{"embeddable":true,"href":"https:\/\/www.oureval.fr\/en\/wp-json\/wp\/v2\/users\/3"}],"replies":[{"embeddable":true,"href":"https:\/\/www.oureval.fr\/en\/wp-json\/wp\/v2\/comments?post=1495"}],"version-history":[{"count":1,"href":"https:\/\/www.oureval.fr\/en\/wp-json\/wp\/v2\/pages\/1495\/revisions"}],"predecessor-version":[{"id":1588,"href":"https:\/\/www.oureval.fr\/en\/wp-json\/wp\/v2\/pages\/1495\/revisions\/1588"}],"wp:attachment":[{"href":"https:\/\/www.oureval.fr\/en\/wp-json\/wp\/v2\/media?parent=1495"}],"curies":[{"name":"wp","href":"https:\/\/api.w.org\/{rel}","templated":true}]}}