{"id":1514,"date":"2021-02-28T13:00:41","date_gmt":"2021-02-28T12:00:41","guid":{"rendered":"https:\/\/www.oureval.fr\/applications-marches\/outil-presse-decoupe-emboutissage-batiment\/"},"modified":"2022-06-20T10:02:23","modified_gmt":"2022-06-20T08:02:23","slug":"construction","status":"publish","type":"page","link":"https:\/\/www.oureval.fr\/en\/applications-markets\/construction\/","title":{"rendered":"Construction"},"content":{"rendered":"<p><!-- flzn:zn_pagebanner --><\/p>\n<header id=\"flzn-pagebanner-1\" class=\"zone zn-pagebanner with-bg bg-color bg-is-gray\"><span class=\"zone-bg bg-color bgc-gray alignfull\"><\/span><\/p>\n<div class=\"zone-block zn-pagebanner-block alignwide va-center\">\n<div class=\"row zn-pagebanner-row\">\n<div class=\"columns zn-pagebanner-col-content\">\n<div class=\"columns-inner\">\n<div class=\"zn-pagebanner-content\"><\/div>\n<\/p><\/div>\n<\/p><\/div>\n<\/p><\/div>\n<\/p><\/div>\n<\/header>\n<p><!-- \/flzn:zn_pagebanner --><br \/>\n<!-- flzn:zn_text --><\/p>\n<div id=\"flzn-text-1\" class=\"zone zn-text with-bg bg-color bg-is-white\"><span class=\"zone-bg bg-color bgc-white alignfull\"><\/span><\/p>\n<div class=\"zone-block zn-text-block pdd-top va-center\">\n<div class=\"row mw-content-zone\">\n<div class=\"columns large-12\">\n<div class=\"row large-up-1 with-nice-alignment nbloc-1\">\n<div class=\"column zn-text-col\">\n<div class=\"column-inner\">\n<div class=\"wig-content mw-content\">\n<p><strong>As a metal parts manufacturer and <a href=\"https:\/\/www.oureval.fr\/en\/solutions\/press-tools\/\">press tool<\/a> company, Our\u00e9val regularly responds to calls for tender that are specific to the construction industry.<\/strong><\/p>\n<p><strong>Our assets:<\/strong><\/p>\n<ul>\n<li>Expertise<\/li>\n<li>Part of the Fid\u00e8ve Group<\/li>\n<li>Rapid performance<\/li>\n<\/ul><\/div>\n<\/p><\/div>\n<\/p><\/div>\n<\/p><\/div>\n<\/p><\/div>\n<\/p><\/div>\n<\/div>\n<\/div>\n<p><!-- \/flzn:zn_text --><br \/>\n<!-- flzn:zn_text_img --><\/p>\n<div id=\"flzn-textimg-1\" class=\"zone zn-textimg\">\n<div class=\"zone-block zn-textimg-block alignwide va-center\">\n<div class=\"row mw-content-zone\">\n<div class=\"columns large-12\">\n<div class=\"row with-nice-alignment zn-textimg-row va-center\" data-equalizer data-equalize-on=\"large\">\n<div class=\"columns large-6 zn-textimg-colimg\" data-equalizer-watch>\n<div class=\"columns-inner zn-textimg-col-inner\">\n<div class=\"zn-textimg-imgbox\" title=\"\">\n<figure class=\"zn-textimg-figure with-dotpattern-deco\">\n\t\t\t\t\t\t\t<img decoding=\"async\" class=\"zn-textimg-img\" src=\"https:\/\/www.oureval.fr\/wp-inside\/uploads\/2021\/03\/batiment-1-800x620.jpg\" alt=\"pi\u00e8ces en t\u00f4le b\u00e2timent\"\/><br \/>\n\t\t\t\t\t\t\t\t\t\t\t\t\t<\/figure>\n<\/p><\/div>\n<\/p><\/div>\n<\/p><\/div>\n<div class=\"columns large-6 zn-textimg-coldesc\" data-equalizer-watch>\n<div class=\"columns-inner zn-textimg-descbox\">\n<div class=\"zn-textimg-desc wig-content\">\n<h2>Assembly and packaging of cut &amp; deep-drawn parts<\/h2>\n<p>As a specialist in <strong>progressive dies<\/strong> and <a href=\"https:\/\/www.oureval.fr\/en\/solutions\/cutting-deep-drawing\/\"><strong>cutting<\/strong><\/a>, Our\u00e9val also provides <strong><a href=\"https:\/\/www.oureval.fr\/en\/solutions\/assembly-packaging\/\">assembly and packaging<\/a> solutions for sheet metal parts<\/strong>. Our covered area spanning 3,700 m\u00b2 houses various <strong>semi-automatic crimping machines<\/strong> as well as <strong>welding robots<\/strong>.<\/p>\n<p>In our assembly workshop, we assemble complete sets out of cut and\/or purchased parts, which are used as limit-switch systems for lifts. Once these sets have been checked and packaged, they are delivered to the customer before being sent directly to construction sites.<\/p>\n<\/div><\/div>\n<\/p><\/div>\n<\/p><\/div>\n<\/p><\/div>\n<\/p><\/div>\n<\/div>\n<\/div>\n<p><!-- \/flzn:zn_text_img --><br \/>\n<!-- flzn:zn_text_img --><\/p>\n<div id=\"flzn-textimg-2\" class=\"zone zn-textimg\">\n<div class=\"zone-block zn-textimg-block alignwide va-center\">\n<div class=\"row mw-content-zone\">\n<div class=\"columns large-12\">\n<div class=\"row with-nice-alignment zn-textimg-row va-center\" data-equalizer data-equalize-on=\"large\">\n<div class=\"columns large-6 large-push-6 zn-textimg-colimg\" data-equalizer-watch>\n<div class=\"columns-inner zn-textimg-col-inner\">\n<div class=\"zn-textimg-imgbox\" title=\"\">\n<figure class=\"zn-textimg-figure with-dotpattern-deco\">\n\t\t\t\t\t\t\t<img decoding=\"async\" class=\"zn-textimg-img\" src=\"https:\/\/www.oureval.fr\/wp-inside\/uploads\/2021\/03\/batiment-2-800x620.jpg\" alt=\"pi\u00e8ces en t\u00f4le b\u00e2timent\"\/><br \/>\n\t\t\t\t\t\t\t\t\t\t\t\t\t<\/figure>\n<\/p><\/div>\n<\/p><\/div>\n<\/p><\/div>\n<div class=\"columns large-6 large-pull-6 zn-textimg-coldesc\" data-equalizer-watch>\n<div class=\"columns-inner zn-textimg-descbox\">\n<div class=\"zn-textimg-desc wig-content\">\n<h2>Metal parts for the construction sector<\/h2>\n<p>Metal parts produced by Our\u00e9val are used in a wide range of applications in the construction sector.<\/p>\n<p>In the <strong>heating<\/strong> field, for example, Our\u00e9val designs <strong>specific tools<\/strong> that can <strong>deep-draw the front panels of electric radiators<\/strong>, which are subsequently assembled within the FIDEVE Group. We also make metal parts that can be used for producing electric radiators, once they have been painted and assembled by our sister company. Here is a non-exhaustive list of the parts produced for this sector:<\/p>\n<ul>\n<li>Resistor brackets<\/li>\n<li>Deflectors<\/li>\n<li>Heat sinks<\/li>\n<li>Electronic system mounts<\/li>\n<\/ul>\n<p>Also in the industrial heating field, Our\u00e9val supplies precision-cut parts which are used for producing thermostats.<\/p>\n<p>Thanks to our <strong>co-design<\/strong> process, particularly with our customer <strong><a href=\"https:\/\/www.renzgroup.uk\/\" target=\"_blank\" rel=\"noopener\">RENZ<\/a><\/strong> (a letterbox manufacturer), we have developed a set of tools that can be used for creating new deep-drawn doors according to the requested designs. This customer regularly asks us to help renew its product ranges (letterbox doors and flaps, etc.).<\/p>\n<\/div><\/div>\n<\/p><\/div>\n<\/p><\/div>\n<\/p><\/div>\n<\/p><\/div>\n<\/div>\n<\/div>\n<p><!-- \/flzn:zn_text_img --><br \/>\n<!-- flzn:zn_text_img --><\/p>\n<div id=\"flzn-textimg-3\" class=\"zone zn-textimg\">\n<div class=\"zone-block zn-textimg-block alignwide va-center\">\n<div class=\"row mw-content-zone\">\n<div class=\"columns large-12\">\n<div class=\"row with-nice-alignment zn-textimg-row va-center\" data-equalizer data-equalize-on=\"large\">\n<div class=\"columns large-6 zn-textimg-colimg\" data-equalizer-watch>\n<div class=\"columns-inner zn-textimg-col-inner\">\n<div class=\"zn-textimg-imgbox\" title=\"\">\n<figure class=\"zn-textimg-figure with-dotpattern-deco\">\n\t\t\t\t\t\t\t<img decoding=\"async\" class=\"zn-textimg-img\" src=\"https:\/\/www.oureval.fr\/wp-inside\/uploads\/2021\/03\/batiment-3-800x620.jpg\" alt=\"pi\u00e8ces en t\u00f4le b\u00e2timent\"\/><br \/>\n\t\t\t\t\t\t\t\t\t\t\t\t\t<\/figure>\n<\/p><\/div>\n<\/p><\/div>\n<\/p><\/div>\n<div class=\"columns large-6 zn-textimg-coldesc\" data-equalizer-watch>\n<div class=\"columns-inner zn-textimg-descbox\">\n<div class=\"zn-textimg-desc wig-content\">\n<p>Here are some examples of parts that we have produced for our customers in the building sector:<\/p>\n<ul>\n<li>Supporting structures for ventilation and heating systems<\/li>\n<li>Hinge reinforcements for fire doors<\/li>\n<li>Partition assembly clips<\/li>\n<li>Reinforcing brackets for roller blinds<\/li>\n<li>Parachute parts for lifts<\/li>\n<li>Solar panel trims<\/li>\n<\/ul>\n<h2>A company that listens to its customers<\/h2>\n<p>Our customer-friendly company is committed to helping our customers find the most suitable solution for their business sector. As part of a sheet metal group, we readily turn to our sister companies to offer our customers comprehensive solutions (powder coating, specific assembly, etc.).<\/p>\n<\/div><\/div>\n<\/p><\/div>\n<\/p><\/div>\n<\/p><\/div>\n<\/p><\/div>\n<\/div>\n<\/div>\n<p><!-- \/flzn:zn_text_img --><br \/>\n<!-- flzn:zn_button --><\/p>\n<div id=\"flzn-button-1\" class=\"zone zn-button with-bg bg-color bg-is-gray\"><span class=\"zone-bg bg-color bgc-gray alignfull\"><\/span><\/p>\n<div class=\"zone-block zn-button-block alignfull va-center text-center\">\n<div class=\"zn-button-bgbox block-alignfull oneblock\">\n<div class=\"zn-button-bgbox-bg\" ><\/div>\n<\/p><\/div>\n<div class=\"zn-button-list row small-up-1 medium-up-1 nb-bloc-1  alignfull va-center text-center oneblock\" data-equalizer data-equalize-on=\"large\">\n<div class=\"zn-button-bloc column\" data-equalizer-watch>\n<div class=\"column-inner\">\n<div class=\"zn-button-innerbox\">\n<div class=\"zn-button-bloc-titledesc\">\n<h3 class=\"zn-button-bloc-title h2\">\n\t\t\t\t\t\t\t\t\t\tSend us your plans today so that we can study your project and offer you a quote\t\t\t\t\t\t\t\t\t<\/h3>\n<\/p><\/div>\n<div class=\"zn-button-buttons-box\">\n<p>\t\t\t\t\t\t\t\t\t\t\t\t\t\t\t\t\t\t<a class=\"button primary\" href=\"https:\/\/www.oureval.fr\/en\/contact\/\" title=\"Contact\"><br \/>\n\t\t\t\t\t\t\t\t\t\t\t\t\t\t\t\t\t\t\t\t\tSend your plans\t\t\t\t\t\t\t\t\t\t\t\t\t\t\t\t\t\t\t<\/a>\n\t\t\t\t\t\t\t\t\t\t\t\t\t\t\t\t\t\t\t\t\t<\/div>\n<\/p><\/div>\n<\/p><\/div>\n<\/p><\/div>\n<\/p><\/div>\n<\/div>\n<\/div>\n<p><!-- \/flzn:zn_button --><\/p>\n","protected":false},"excerpt":{"rendered":"<p>As a metal parts manufacturer and press tool company, Our\u00e9val regularly responds to calls for tender that are specific to the construction industry. Our assets: Expertise Part of the Fid\u00e8ve [&hellip;]<\/p>\n","protected":false},"author":3,"featured_media":950,"parent":1492,"menu_order":210,"comment_status":"closed","ping_status":"closed","template":"","meta":{"_acf_changed":false,"footnotes":""},"class_list":["post-1514","page","type-page","status-publish","has-post-thumbnail","hentry","wp-sticky"],"acf":[],"yoast_head":"<!-- This site is optimized with the Yoast SEO plugin v27.4 - https:\/\/yoast.com\/product\/yoast-seo-wordpress\/ -->\n<title>Construction<\/title>\n<meta name=\"robots\" content=\"index, follow, max-snippet:-1, max-image-preview:large, max-video-preview:-1\" \/>\n<link rel=\"canonical\" href=\"https:\/\/www.oureval.fr\/en\/applications-markets\/construction\/\" \/>\n<meta property=\"og:locale\" content=\"en_US\" \/>\n<meta property=\"og:type\" content=\"article\" \/>\n<meta property=\"og:title\" content=\"Construction\" \/>\n<meta property=\"og:description\" content=\"As a metal parts manufacturer and press tool company, Our\u00e9val regularly responds to calls for tender that are specific to the construction industry. Our assets: Expertise Part of the Fid\u00e8ve [&hellip;]\" \/>\n<meta property=\"og:url\" content=\"https:\/\/www.oureval.fr\/en\/applications-markets\/construction\/\" \/>\n<meta property=\"og:site_name\" content=\"Our\u00e9val\" \/>\n<meta property=\"article:modified_time\" content=\"2022-06-20T08:02:23+00:00\" \/>\n<meta property=\"og:image\" content=\"https:\/\/www.oureval.fr\/wp-inside\/uploads\/2021\/03\/batiment-1.jpg\" \/>\n\t<meta property=\"og:image:width\" content=\"1920\" \/>\n\t<meta property=\"og:image:height\" content=\"1277\" \/>\n\t<meta property=\"og:image:type\" content=\"image\/jpeg\" \/>\n<meta name=\"twitter:card\" content=\"summary_large_image\" \/>\n<meta name=\"twitter:label1\" content=\"Est. reading time\" \/>\n\t<meta name=\"twitter:data1\" content=\"2 minutes\" \/>\n<script type=\"application\/ld+json\" class=\"yoast-schema-graph\">{\"@context\":\"https:\\\/\\\/schema.org\",\"@graph\":[{\"@type\":\"WebPage\",\"@id\":\"https:\\\/\\\/www.oureval.fr\\\/en\\\/applications-markets\\\/construction\\\/\",\"url\":\"https:\\\/\\\/www.oureval.fr\\\/en\\\/applications-markets\\\/construction\\\/\",\"name\":\"Construction\",\"isPartOf\":{\"@id\":\"https:\\\/\\\/www.oureval.fr\\\/en\\\/#website\"},\"primaryImageOfPage\":{\"@id\":\"https:\\\/\\\/www.oureval.fr\\\/en\\\/applications-markets\\\/construction\\\/#primaryimage\"},\"image\":{\"@id\":\"https:\\\/\\\/www.oureval.fr\\\/en\\\/applications-markets\\\/construction\\\/#primaryimage\"},\"thumbnailUrl\":\"https:\\\/\\\/www.oureval.fr\\\/wp-inside\\\/uploads\\\/2021\\\/03\\\/batiment-1.jpg\",\"datePublished\":\"2021-02-28T12:00:41+00:00\",\"dateModified\":\"2022-06-20T08:02:23+00:00\",\"breadcrumb\":{\"@id\":\"https:\\\/\\\/www.oureval.fr\\\/en\\\/applications-markets\\\/construction\\\/#breadcrumb\"},\"inLanguage\":\"en-US\",\"potentialAction\":[{\"@type\":\"ReadAction\",\"target\":[\"https:\\\/\\\/www.oureval.fr\\\/en\\\/applications-markets\\\/construction\\\/\"]}]},{\"@type\":\"ImageObject\",\"inLanguage\":\"en-US\",\"@id\":\"https:\\\/\\\/www.oureval.fr\\\/en\\\/applications-markets\\\/construction\\\/#primaryimage\",\"url\":\"https:\\\/\\\/www.oureval.fr\\\/wp-inside\\\/uploads\\\/2021\\\/03\\\/batiment-1.jpg\",\"contentUrl\":\"https:\\\/\\\/www.oureval.fr\\\/wp-inside\\\/uploads\\\/2021\\\/03\\\/batiment-1.jpg\",\"width\":1920,\"height\":1277,\"caption\":\"B\u00e2timent\"},{\"@type\":\"BreadcrumbList\",\"@id\":\"https:\\\/\\\/www.oureval.fr\\\/en\\\/applications-markets\\\/construction\\\/#breadcrumb\",\"itemListElement\":[{\"@type\":\"ListItem\",\"position\":1,\"name\":\"Home\",\"item\":\"https:\\\/\\\/www.oureval.fr\\\/en\\\/\"},{\"@type\":\"ListItem\",\"position\":2,\"name\":\"Applications &#038; markets\",\"item\":\"https:\\\/\\\/www.oureval.fr\\\/en\\\/applications-markets\\\/\"},{\"@type\":\"ListItem\",\"position\":3,\"name\":\"Construction\"}]},{\"@type\":\"WebSite\",\"@id\":\"https:\\\/\\\/www.oureval.fr\\\/en\\\/#website\",\"url\":\"https:\\\/\\\/www.oureval.fr\\\/en\\\/\",\"name\":\"Our\u00e9val\",\"description\":\"Conception et fabrication outillage de presse\",\"publisher\":{\"@id\":\"https:\\\/\\\/www.oureval.fr\\\/en\\\/#organization\"},\"potentialAction\":[{\"@type\":\"SearchAction\",\"target\":{\"@type\":\"EntryPoint\",\"urlTemplate\":\"https:\\\/\\\/www.oureval.fr\\\/en\\\/?s={search_term_string}\"},\"query-input\":{\"@type\":\"PropertyValueSpecification\",\"valueRequired\":true,\"valueName\":\"search_term_string\"}}],\"inLanguage\":\"en-US\"},{\"@type\":\"Organization\",\"@id\":\"https:\\\/\\\/www.oureval.fr\\\/en\\\/#organization\",\"name\":\"Our\u00e9val\",\"url\":\"https:\\\/\\\/www.oureval.fr\\\/en\\\/\",\"logo\":{\"@type\":\"ImageObject\",\"inLanguage\":\"en-US\",\"@id\":\"https:\\\/\\\/www.oureval.fr\\\/en\\\/#\\\/schema\\\/logo\\\/image\\\/\",\"url\":\"https:\\\/\\\/www.oureval.fr\\\/wp-inside\\\/uploads\\\/2021\\\/03\\\/logo-oureval_2x.png\",\"contentUrl\":\"https:\\\/\\\/www.oureval.fr\\\/wp-inside\\\/uploads\\\/2021\\\/03\\\/logo-oureval_2x.png\",\"width\":440,\"height\":100,\"caption\":\"Our\u00e9val\"},\"image\":{\"@id\":\"https:\\\/\\\/www.oureval.fr\\\/en\\\/#\\\/schema\\\/logo\\\/image\\\/\"},\"sameAs\":[\"https:\\\/\\\/www.linkedin.com\\\/company\\\/oureval-sa\\\/\",\"https:\\\/\\\/www.youtube.com\\\/channel\\\/UCiwjM6m7zBNi_SpwVvTWDIw\"]}]}<\/script>\n<!-- \/ Yoast SEO plugin. -->","yoast_head_json":{"title":"Construction","robots":{"index":"index","follow":"follow","max-snippet":"max-snippet:-1","max-image-preview":"max-image-preview:large","max-video-preview":"max-video-preview:-1"},"canonical":"https:\/\/www.oureval.fr\/en\/applications-markets\/construction\/","og_locale":"en_US","og_type":"article","og_title":"Construction","og_description":"As a metal parts manufacturer and press tool company, Our\u00e9val regularly responds to calls for tender that are specific to the construction industry. Our assets: Expertise Part of the Fid\u00e8ve [&hellip;]","og_url":"https:\/\/www.oureval.fr\/en\/applications-markets\/construction\/","og_site_name":"Our\u00e9val","article_modified_time":"2022-06-20T08:02:23+00:00","og_image":[{"width":1920,"height":1277,"url":"https:\/\/www.oureval.fr\/wp-inside\/uploads\/2021\/03\/batiment-1.jpg","type":"image\/jpeg"}],"twitter_card":"summary_large_image","twitter_misc":{"Est. reading time":"2 minutes"},"schema":{"@context":"https:\/\/schema.org","@graph":[{"@type":"WebPage","@id":"https:\/\/www.oureval.fr\/en\/applications-markets\/construction\/","url":"https:\/\/www.oureval.fr\/en\/applications-markets\/construction\/","name":"Construction","isPartOf":{"@id":"https:\/\/www.oureval.fr\/en\/#website"},"primaryImageOfPage":{"@id":"https:\/\/www.oureval.fr\/en\/applications-markets\/construction\/#primaryimage"},"image":{"@id":"https:\/\/www.oureval.fr\/en\/applications-markets\/construction\/#primaryimage"},"thumbnailUrl":"https:\/\/www.oureval.fr\/wp-inside\/uploads\/2021\/03\/batiment-1.jpg","datePublished":"2021-02-28T12:00:41+00:00","dateModified":"2022-06-20T08:02:23+00:00","breadcrumb":{"@id":"https:\/\/www.oureval.fr\/en\/applications-markets\/construction\/#breadcrumb"},"inLanguage":"en-US","potentialAction":[{"@type":"ReadAction","target":["https:\/\/www.oureval.fr\/en\/applications-markets\/construction\/"]}]},{"@type":"ImageObject","inLanguage":"en-US","@id":"https:\/\/www.oureval.fr\/en\/applications-markets\/construction\/#primaryimage","url":"https:\/\/www.oureval.fr\/wp-inside\/uploads\/2021\/03\/batiment-1.jpg","contentUrl":"https:\/\/www.oureval.fr\/wp-inside\/uploads\/2021\/03\/batiment-1.jpg","width":1920,"height":1277,"caption":"B\u00e2timent"},{"@type":"BreadcrumbList","@id":"https:\/\/www.oureval.fr\/en\/applications-markets\/construction\/#breadcrumb","itemListElement":[{"@type":"ListItem","position":1,"name":"Home","item":"https:\/\/www.oureval.fr\/en\/"},{"@type":"ListItem","position":2,"name":"Applications &#038; markets","item":"https:\/\/www.oureval.fr\/en\/applications-markets\/"},{"@type":"ListItem","position":3,"name":"Construction"}]},{"@type":"WebSite","@id":"https:\/\/www.oureval.fr\/en\/#website","url":"https:\/\/www.oureval.fr\/en\/","name":"Our\u00e9val","description":"Conception et fabrication outillage de presse","publisher":{"@id":"https:\/\/www.oureval.fr\/en\/#organization"},"potentialAction":[{"@type":"SearchAction","target":{"@type":"EntryPoint","urlTemplate":"https:\/\/www.oureval.fr\/en\/?s={search_term_string}"},"query-input":{"@type":"PropertyValueSpecification","valueRequired":true,"valueName":"search_term_string"}}],"inLanguage":"en-US"},{"@type":"Organization","@id":"https:\/\/www.oureval.fr\/en\/#organization","name":"Our\u00e9val","url":"https:\/\/www.oureval.fr\/en\/","logo":{"@type":"ImageObject","inLanguage":"en-US","@id":"https:\/\/www.oureval.fr\/en\/#\/schema\/logo\/image\/","url":"https:\/\/www.oureval.fr\/wp-inside\/uploads\/2021\/03\/logo-oureval_2x.png","contentUrl":"https:\/\/www.oureval.fr\/wp-inside\/uploads\/2021\/03\/logo-oureval_2x.png","width":440,"height":100,"caption":"Our\u00e9val"},"image":{"@id":"https:\/\/www.oureval.fr\/en\/#\/schema\/logo\/image\/"},"sameAs":["https:\/\/www.linkedin.com\/company\/oureval-sa\/","https:\/\/www.youtube.com\/channel\/UCiwjM6m7zBNi_SpwVvTWDIw"]}]}},"_links":{"self":[{"href":"https:\/\/www.oureval.fr\/en\/wp-json\/wp\/v2\/pages\/1514","targetHints":{"allow":["GET"]}}],"collection":[{"href":"https:\/\/www.oureval.fr\/en\/wp-json\/wp\/v2\/pages"}],"about":[{"href":"https:\/\/www.oureval.fr\/en\/wp-json\/wp\/v2\/types\/page"}],"author":[{"embeddable":true,"href":"https:\/\/www.oureval.fr\/en\/wp-json\/wp\/v2\/users\/3"}],"replies":[{"embeddable":true,"href":"https:\/\/www.oureval.fr\/en\/wp-json\/wp\/v2\/comments?post=1514"}],"version-history":[{"count":2,"href":"https:\/\/www.oureval.fr\/en\/wp-json\/wp\/v2\/pages\/1514\/revisions"}],"predecessor-version":[{"id":1568,"href":"https:\/\/www.oureval.fr\/en\/wp-json\/wp\/v2\/pages\/1514\/revisions\/1568"}],"up":[{"embeddable":true,"href":"https:\/\/www.oureval.fr\/en\/wp-json\/wp\/v2\/pages\/1492"}],"wp:featuredmedia":[{"embeddable":true,"href":"https:\/\/www.oureval.fr\/en\/wp-json\/wp\/v2\/media\/950"}],"wp:attachment":[{"href":"https:\/\/www.oureval.fr\/en\/wp-json\/wp\/v2\/media?parent=1514"}],"curies":[{"name":"wp","href":"https:\/\/api.w.org\/{rel}","templated":true}]}}