{"id":1515,"date":"2021-02-28T13:00:56","date_gmt":"2021-02-28T12:00:56","guid":{"rendered":"https:\/\/www.oureval.fr\/applications-marches\/outil-presse-decoupe-emboutissage-electromenager\/"},"modified":"2023-09-28T14:43:23","modified_gmt":"2023-09-28T12:43:23","slug":"household-appliances","status":"publish","type":"page","link":"https:\/\/www.oureval.fr\/en\/applications-markets\/household-appliances\/","title":{"rendered":"Household appliances"},"content":{"rendered":"<p><!-- flzn:zn_pagebanner --><\/p>\n<header id=\"flzn-pagebanner-1\" class=\"zone zn-pagebanner with-bg bg-color bg-is-gray\"><span class=\"zone-bg bg-color bgc-gray alignfull\"><\/span><\/p>\n<div class=\"zone-block zn-pagebanner-block alignwide va-center\">\n<div class=\"row zn-pagebanner-row\">\n<div class=\"columns zn-pagebanner-col-content\">\n<div class=\"columns-inner\">\n<div class=\"zn-pagebanner-content\"><\/div>\n<\/p><\/div>\n<\/p><\/div>\n<\/p><\/div>\n<\/p><\/div>\n<\/header>\n<p><!-- \/flzn:zn_pagebanner --><br \/>\n<!-- flzn:zn_text --><\/p>\n<div id=\"flzn-text-1\" class=\"zone zn-text with-bg bg-color bg-is-white\"><span class=\"zone-bg bg-color bgc-white alignfull\"><\/span><\/p>\n<div class=\"zone-block zn-text-block pdd-top va-center\">\n<div class=\"row mw-content-zone\">\n<div class=\"columns large-12\">\n<div class=\"row large-up-1 with-nice-alignment nbloc-1\">\n<div class=\"column zn-text-col\">\n<div class=\"column-inner\" data-aos=\"fade-up\" data-aos-once=\"true\" data-aos-anchor=\"#flzn-text-1\" data-aos-anchor-placement=\"top-bottom\">\n<div class=\"wig-content mw-content\">\n<p><strong>Renowned for our expertise in <a href=\"https:\/\/www.oureval.fr\/en\/solutions\/cutting-deep-drawing\/\">cutting and deep-drawing<\/a> metal parts, we are regularly contacted by professionals in the household appliances sector.<\/strong><\/p>\n<p><strong>Our advantages:<\/strong><\/p>\n<ul>\n<li>Quality<\/li>\n<li>Packaging and assembly<\/li>\n<li>Made in France<\/li>\n<\/ul><\/div>\n<\/p><\/div>\n<\/p><\/div>\n<\/p><\/div>\n<\/p><\/div>\n<\/p><\/div>\n<\/div>\n<\/div>\n<p><!-- \/flzn:zn_text --><br \/>\n<!-- flzn:zn_text_img --><\/p>\n<div id=\"flzn-textimg-1\" class=\"zone zn-textimg\">\n<div class=\"zone-block zn-textimg-block alignwide va-center\">\n<div class=\"row mw-content-zone\">\n<div class=\"columns large-12\">\n<div class=\"row with-nice-alignment zn-textimg-row va-center\" data-equalizer data-equalize-on=\"large\">\n<div class=\"columns large-6 zn-textimg-colimg\" data-equalizer-watch>\n<div class=\"columns-inner zn-textimg-col-inner\">\n<div class=\"zn-textimg-imgbox\" title=\"\">\n<figure class=\"zn-textimg-figure with-dotpattern-deco\">\n\t\t\t\t\t\t\t<img decoding=\"async\" class=\"zn-textimg-img\" src=\"https:\/\/www.oureval.fr\/wp-inside\/uploads\/2021\/03\/electromenager-1-800x620.jpg\" alt=\"pi\u00e8ces en t\u00f4le \u00e9lectrom\u00e9nager\"\/><br \/>\n\t\t\t\t\t\t\t\t\t\t\t\t\t<\/figure>\n<\/p><\/div>\n<\/p><\/div>\n<\/p><\/div>\n<div class=\"columns large-6 zn-textimg-coldesc\" data-equalizer-watch>\n<div class=\"columns-inner zn-textimg-descbox\">\n<div class=\"zn-textimg-desc wig-content\">\n<h2>Designing press tools in Alsace<\/h2>\n<p>Our\u00e9val, located in Vill\u00e9 in the Grand-Est region of France, stands out for its expertise and top-quality workmanship. Our design office constantly works on the <strong><a href=\"https:\/\/www.oureval.fr\/en\/solutions\/press-tools\/\">design<\/a> and monitoring of progressive dies<\/strong>. To ensure maximum cutting precision, we maintain and <strong>sharpen our press tools<\/strong> ourselves. Our aim is to offer our customers a guarantee of compliance for all of our parts, from medium to very large series.<\/p>\n<\/div><\/div>\n<\/p><\/div>\n<\/p><\/div>\n<\/p><\/div>\n<\/p><\/div>\n<\/div>\n<\/div>\n<p><!-- \/flzn:zn_text_img --><br \/>\n<!-- flzn:zn_text_img --><\/p>\n<div id=\"flzn-textimg-2\" class=\"zone zn-textimg\">\n<div class=\"zone-block zn-textimg-block alignwide va-center\">\n<div class=\"row mw-content-zone\">\n<div class=\"columns large-12\">\n<div class=\"row with-nice-alignment zn-textimg-row va-center\" data-equalizer data-equalize-on=\"large\">\n<div class=\"columns large-6 large-push-6 zn-textimg-colimg\" data-equalizer-watch>\n<div class=\"columns-inner zn-textimg-col-inner\">\n<div class=\"zn-textimg-imgbox\" title=\"\">\n<figure class=\"zn-textimg-figure with-dotpattern-deco\">\n\t\t\t\t\t\t\t<img decoding=\"async\" class=\"zn-textimg-img\" src=\"https:\/\/www.oureval.fr\/wp-inside\/uploads\/2021\/03\/electromenager-2-800x620.jpg\" alt=\"pi\u00e8ces en t\u00f4le \u00e9lectrom\u00e9nager\"\/><br \/>\n\t\t\t\t\t\t\t\t\t\t\t\t\t<\/figure>\n<\/p><\/div>\n<\/p><\/div>\n<\/p><\/div>\n<div class=\"columns large-6 large-pull-6 zn-textimg-coldesc\" data-equalizer-watch>\n<div class=\"columns-inner zn-textimg-descbox\">\n<div class=\"zn-textimg-desc wig-content\">\n<h2>Metal parts for the household appliances sector<\/h2>\n<p>Thanks to its manufacturing expertise and the competitiveness of its <strong>cutting &amp; deep-drawing<\/strong> technology, Our\u00e9val has gained the trust of major players in the household appliances sector. We provide our customers with <strong>structural elements for electric ovens with just-in-time delivery<\/strong>, such as:<\/p>\n<ul>\n<li><strong>Insulation spars made of galvanised sheet metal<\/strong><\/li>\n<li><strong>Connector strips<\/strong><\/li>\n<li><strong>Stainless steel deflectors<\/strong><\/li>\n<\/ul>\n<p>We also developed a <strong>specific progressive die<\/strong> with one of our customers. This tool enables us to produce a <strong>stainless steel precision ratchet<\/strong> (part of the locking mechanism for a kitchen appliance handle) in <strong>very large series<\/strong>.<\/p>\n<\/div><\/div>\n<\/p><\/div>\n<\/p><\/div>\n<\/p><\/div>\n<\/p><\/div>\n<\/div>\n<\/div>\n<p><!-- \/flzn:zn_text_img --><br \/>\n<!-- flzn:zn_text_img --><\/p>\n<div id=\"flzn-textimg-3\" class=\"zone zn-textimg\">\n<div class=\"zone-block zn-textimg-block alignwide va-center\">\n<div class=\"row mw-content-zone\">\n<div class=\"columns large-12\">\n<div class=\"row with-nice-alignment zn-textimg-row va-center\" data-equalizer data-equalize-on=\"large\">\n<div class=\"columns large-6 zn-textimg-colimg\" data-equalizer-watch>\n<div class=\"columns-inner zn-textimg-col-inner\">\n<div class=\"zn-textimg-imgbox\" title=\"\">\n<figure class=\"zn-textimg-figure with-dotpattern-deco\">\n\t\t\t\t\t\t\t<img decoding=\"async\" class=\"zn-textimg-img\" src=\"https:\/\/www.oureval.fr\/wp-inside\/uploads\/2021\/03\/electromenager-3-800x620.jpg\" alt=\"pi\u00e8ces en t\u00f4le \u00e9lectrom\u00e9nager\"\/><br \/>\n\t\t\t\t\t\t\t\t\t\t\t\t\t<\/figure>\n<\/p><\/div>\n<\/p><\/div>\n<\/p><\/div>\n<div class=\"columns large-6 zn-textimg-coldesc\" data-equalizer-watch>\n<div class=\"columns-inner zn-textimg-descbox\">\n<div class=\"zn-textimg-desc wig-content\">\n<p>We also put our <strong>production management<\/strong> experience gained in the automotive markets to good use in the household appliances sector. Therefore, as is the case with equipment manufacturers in the automotive industry, we receive orders directly in our <strong>management system via EDI<\/strong>. This allows us to manage our orders, stocks and raw materials in the best possible way.<\/p>\n<h2>Cutting and deep-drawing quality and precision on automatic presses<\/h2>\n<p>To ensure the reliability of our organisation and the quality of our manufactured products, we embarked on a <a href=\"https:\/\/www.oureval.fr\/en\/our-company\/quality\/\">quality certification drive<\/a> several years ago. We are now certified according to <strong>ISO 9001 and IATF 16949<\/strong>. These labels require rigour and a commitment to <strong>continuous improvement<\/strong> in order to be renewed. Thanks to our <strong>quality, price control<\/strong> and <strong>spirit of service<\/strong>, we satisfy our customers day in, day out in numerous business sectors.<\/p>\n<\/div><\/div>\n<\/p><\/div>\n<\/p><\/div>\n<\/p><\/div>\n<\/p><\/div>\n<\/div>\n<\/div>\n<p><!-- \/flzn:zn_text_img --><br \/>\n<!-- flzn:zn_button --><\/p>\n<div id=\"flzn-button-1\" class=\"zone zn-button with-bg bg-color bg-is-gray\"><span class=\"zone-bg bg-color bgc-gray alignfull\"><\/span><\/p>\n<div class=\"zone-block zn-button-block alignfull va-center text-center\">\n<div class=\"zn-button-bgbox block-alignfull oneblock\">\n<div class=\"zn-button-bgbox-bg\" ><\/div>\n<\/p><\/div>\n<div class=\"zn-button-list row small-up-1 medium-up-1 nb-bloc-1  alignfull va-center text-center oneblock\" data-equalizer data-equalize-on=\"large\">\n<div class=\"zn-button-bloc column\" data-equalizer-watch>\n<div class=\"column-inner\">\n<div class=\"zn-button-innerbox\">\n<div class=\"zn-button-bloc-titledesc\">\n<h3 class=\"zn-button-bloc-title h2\">\n\t\t\t\t\t\t\t\t\t\tSend us your plans today so that we can study your project and offer you a quote\t\t\t\t\t\t\t\t\t<\/h3>\n<\/p><\/div>\n<div class=\"zn-button-buttons-box\">\n<p>\t\t\t\t\t\t\t\t\t\t\t\t\t\t\t\t\t\t<a class=\"button primary\" href=\"https:\/\/www.oureval.fr\/en\/contact\/\" title=\"Contact\"><br \/>\n\t\t\t\t\t\t\t\t\t\t\t\t\t\t\t\t\t\t\t\t\tSend your plans\t\t\t\t\t\t\t\t\t\t\t\t\t\t\t\t\t\t\t<\/a>\n\t\t\t\t\t\t\t\t\t\t\t\t\t\t\t\t\t\t\t\t\t<\/div>\n<\/p><\/div>\n<\/p><\/div>\n<\/p><\/div>\n<\/p><\/div>\n<\/div>\n<\/div>\n<p><!-- \/flzn:zn_button --><\/p>\n","protected":false},"excerpt":{"rendered":"<p>Renowned for our expertise in cutting and deep-drawing metal parts, we are regularly contacted by professionals in the household appliances sector. Our advantages: Quality Packaging and assembly Made in France [&hellip;]<\/p>\n","protected":false},"author":3,"featured_media":966,"parent":1492,"menu_order":220,"comment_status":"closed","ping_status":"closed","template":"","meta":{"_acf_changed":false,"footnotes":""},"class_list":["post-1515","page","type-page","status-publish","has-post-thumbnail","hentry","wp-sticky"],"acf":[],"yoast_head":"<!-- This site is optimized with the Yoast SEO plugin v27.5 - https:\/\/yoast.com\/product\/yoast-seo-wordpress\/ -->\n<title>Household appliances<\/title>\n<meta name=\"robots\" content=\"index, follow, max-snippet:-1, max-image-preview:large, max-video-preview:-1\" \/>\n<link rel=\"canonical\" href=\"https:\/\/www.oureval.fr\/en\/applications-markets\/household-appliances\/\" \/>\n<meta property=\"og:locale\" content=\"en_US\" \/>\n<meta property=\"og:type\" content=\"article\" \/>\n<meta property=\"og:title\" content=\"Household appliances\" \/>\n<meta property=\"og:description\" content=\"Renowned for our expertise in cutting and deep-drawing metal parts, we are regularly contacted by professionals in the household appliances sector. Our advantages: Quality Packaging and assembly Made in France [&hellip;]\" \/>\n<meta property=\"og:url\" content=\"https:\/\/www.oureval.fr\/en\/applications-markets\/household-appliances\/\" \/>\n<meta property=\"og:site_name\" content=\"Our\u00e9val\" \/>\n<meta property=\"article:modified_time\" content=\"2023-09-28T12:43:23+00:00\" \/>\n<meta property=\"og:image\" content=\"https:\/\/www.oureval.fr\/wp-inside\/uploads\/2021\/03\/electromenager-1.jpg\" \/>\n\t<meta property=\"og:image:width\" content=\"1920\" \/>\n\t<meta property=\"og:image:height\" content=\"1282\" \/>\n\t<meta property=\"og:image:type\" content=\"image\/jpeg\" \/>\n<meta name=\"twitter:card\" content=\"summary_large_image\" \/>\n<meta name=\"twitter:label1\" content=\"Est. reading time\" \/>\n\t<meta name=\"twitter:data1\" content=\"2 minutes\" \/>\n<script type=\"application\/ld+json\" class=\"yoast-schema-graph\">{\"@context\":\"https:\\\/\\\/schema.org\",\"@graph\":[{\"@type\":\"WebPage\",\"@id\":\"https:\\\/\\\/www.oureval.fr\\\/en\\\/applications-markets\\\/household-appliances\\\/\",\"url\":\"https:\\\/\\\/www.oureval.fr\\\/en\\\/applications-markets\\\/household-appliances\\\/\",\"name\":\"Household appliances\",\"isPartOf\":{\"@id\":\"https:\\\/\\\/www.oureval.fr\\\/en\\\/#website\"},\"primaryImageOfPage\":{\"@id\":\"https:\\\/\\\/www.oureval.fr\\\/en\\\/applications-markets\\\/household-appliances\\\/#primaryimage\"},\"image\":{\"@id\":\"https:\\\/\\\/www.oureval.fr\\\/en\\\/applications-markets\\\/household-appliances\\\/#primaryimage\"},\"thumbnailUrl\":\"https:\\\/\\\/www.oureval.fr\\\/wp-inside\\\/uploads\\\/2021\\\/03\\\/electromenager-1.jpg\",\"datePublished\":\"2021-02-28T12:00:56+00:00\",\"dateModified\":\"2023-09-28T12:43:23+00:00\",\"breadcrumb\":{\"@id\":\"https:\\\/\\\/www.oureval.fr\\\/en\\\/applications-markets\\\/household-appliances\\\/#breadcrumb\"},\"inLanguage\":\"en-US\",\"potentialAction\":[{\"@type\":\"ReadAction\",\"target\":[\"https:\\\/\\\/www.oureval.fr\\\/en\\\/applications-markets\\\/household-appliances\\\/\"]}]},{\"@type\":\"ImageObject\",\"inLanguage\":\"en-US\",\"@id\":\"https:\\\/\\\/www.oureval.fr\\\/en\\\/applications-markets\\\/household-appliances\\\/#primaryimage\",\"url\":\"https:\\\/\\\/www.oureval.fr\\\/wp-inside\\\/uploads\\\/2021\\\/03\\\/electromenager-1.jpg\",\"contentUrl\":\"https:\\\/\\\/www.oureval.fr\\\/wp-inside\\\/uploads\\\/2021\\\/03\\\/electromenager-1.jpg\",\"width\":1920,\"height\":1282,\"caption\":\"\u00c9lectrom\u00e9nager\"},{\"@type\":\"BreadcrumbList\",\"@id\":\"https:\\\/\\\/www.oureval.fr\\\/en\\\/applications-markets\\\/household-appliances\\\/#breadcrumb\",\"itemListElement\":[{\"@type\":\"ListItem\",\"position\":1,\"name\":\"Home\",\"item\":\"https:\\\/\\\/www.oureval.fr\\\/en\\\/\"},{\"@type\":\"ListItem\",\"position\":2,\"name\":\"Applications &#038; markets\",\"item\":\"https:\\\/\\\/www.oureval.fr\\\/en\\\/applications-markets\\\/\"},{\"@type\":\"ListItem\",\"position\":3,\"name\":\"Household appliances\"}]},{\"@type\":\"WebSite\",\"@id\":\"https:\\\/\\\/www.oureval.fr\\\/en\\\/#website\",\"url\":\"https:\\\/\\\/www.oureval.fr\\\/en\\\/\",\"name\":\"Our\u00e9val\",\"description\":\"Conception et fabrication outillage de presse\",\"publisher\":{\"@id\":\"https:\\\/\\\/www.oureval.fr\\\/en\\\/#organization\"},\"potentialAction\":[{\"@type\":\"SearchAction\",\"target\":{\"@type\":\"EntryPoint\",\"urlTemplate\":\"https:\\\/\\\/www.oureval.fr\\\/en\\\/?s={search_term_string}\"},\"query-input\":{\"@type\":\"PropertyValueSpecification\",\"valueRequired\":true,\"valueName\":\"search_term_string\"}}],\"inLanguage\":\"en-US\"},{\"@type\":\"Organization\",\"@id\":\"https:\\\/\\\/www.oureval.fr\\\/en\\\/#organization\",\"name\":\"Our\u00e9val\",\"url\":\"https:\\\/\\\/www.oureval.fr\\\/en\\\/\",\"logo\":{\"@type\":\"ImageObject\",\"inLanguage\":\"en-US\",\"@id\":\"https:\\\/\\\/www.oureval.fr\\\/en\\\/#\\\/schema\\\/logo\\\/image\\\/\",\"url\":\"https:\\\/\\\/www.oureval.fr\\\/wp-inside\\\/uploads\\\/2021\\\/03\\\/logo-oureval_2x.png\",\"contentUrl\":\"https:\\\/\\\/www.oureval.fr\\\/wp-inside\\\/uploads\\\/2021\\\/03\\\/logo-oureval_2x.png\",\"width\":440,\"height\":100,\"caption\":\"Our\u00e9val\"},\"image\":{\"@id\":\"https:\\\/\\\/www.oureval.fr\\\/en\\\/#\\\/schema\\\/logo\\\/image\\\/\"},\"sameAs\":[\"https:\\\/\\\/www.linkedin.com\\\/company\\\/oureval-sa\\\/\",\"https:\\\/\\\/www.youtube.com\\\/channel\\\/UCiwjM6m7zBNi_SpwVvTWDIw\"]}]}<\/script>\n<!-- \/ Yoast SEO plugin. -->","yoast_head_json":{"title":"Household appliances","robots":{"index":"index","follow":"follow","max-snippet":"max-snippet:-1","max-image-preview":"max-image-preview:large","max-video-preview":"max-video-preview:-1"},"canonical":"https:\/\/www.oureval.fr\/en\/applications-markets\/household-appliances\/","og_locale":"en_US","og_type":"article","og_title":"Household appliances","og_description":"Renowned for our expertise in cutting and deep-drawing metal parts, we are regularly contacted by professionals in the household appliances sector. Our advantages: Quality Packaging and assembly Made in France [&hellip;]","og_url":"https:\/\/www.oureval.fr\/en\/applications-markets\/household-appliances\/","og_site_name":"Our\u00e9val","article_modified_time":"2023-09-28T12:43:23+00:00","og_image":[{"width":1920,"height":1282,"url":"https:\/\/www.oureval.fr\/wp-inside\/uploads\/2021\/03\/electromenager-1.jpg","type":"image\/jpeg"}],"twitter_card":"summary_large_image","twitter_misc":{"Est. reading time":"2 minutes"},"schema":{"@context":"https:\/\/schema.org","@graph":[{"@type":"WebPage","@id":"https:\/\/www.oureval.fr\/en\/applications-markets\/household-appliances\/","url":"https:\/\/www.oureval.fr\/en\/applications-markets\/household-appliances\/","name":"Household appliances","isPartOf":{"@id":"https:\/\/www.oureval.fr\/en\/#website"},"primaryImageOfPage":{"@id":"https:\/\/www.oureval.fr\/en\/applications-markets\/household-appliances\/#primaryimage"},"image":{"@id":"https:\/\/www.oureval.fr\/en\/applications-markets\/household-appliances\/#primaryimage"},"thumbnailUrl":"https:\/\/www.oureval.fr\/wp-inside\/uploads\/2021\/03\/electromenager-1.jpg","datePublished":"2021-02-28T12:00:56+00:00","dateModified":"2023-09-28T12:43:23+00:00","breadcrumb":{"@id":"https:\/\/www.oureval.fr\/en\/applications-markets\/household-appliances\/#breadcrumb"},"inLanguage":"en-US","potentialAction":[{"@type":"ReadAction","target":["https:\/\/www.oureval.fr\/en\/applications-markets\/household-appliances\/"]}]},{"@type":"ImageObject","inLanguage":"en-US","@id":"https:\/\/www.oureval.fr\/en\/applications-markets\/household-appliances\/#primaryimage","url":"https:\/\/www.oureval.fr\/wp-inside\/uploads\/2021\/03\/electromenager-1.jpg","contentUrl":"https:\/\/www.oureval.fr\/wp-inside\/uploads\/2021\/03\/electromenager-1.jpg","width":1920,"height":1282,"caption":"\u00c9lectrom\u00e9nager"},{"@type":"BreadcrumbList","@id":"https:\/\/www.oureval.fr\/en\/applications-markets\/household-appliances\/#breadcrumb","itemListElement":[{"@type":"ListItem","position":1,"name":"Home","item":"https:\/\/www.oureval.fr\/en\/"},{"@type":"ListItem","position":2,"name":"Applications &#038; markets","item":"https:\/\/www.oureval.fr\/en\/applications-markets\/"},{"@type":"ListItem","position":3,"name":"Household appliances"}]},{"@type":"WebSite","@id":"https:\/\/www.oureval.fr\/en\/#website","url":"https:\/\/www.oureval.fr\/en\/","name":"Our\u00e9val","description":"Conception et fabrication outillage de presse","publisher":{"@id":"https:\/\/www.oureval.fr\/en\/#organization"},"potentialAction":[{"@type":"SearchAction","target":{"@type":"EntryPoint","urlTemplate":"https:\/\/www.oureval.fr\/en\/?s={search_term_string}"},"query-input":{"@type":"PropertyValueSpecification","valueRequired":true,"valueName":"search_term_string"}}],"inLanguage":"en-US"},{"@type":"Organization","@id":"https:\/\/www.oureval.fr\/en\/#organization","name":"Our\u00e9val","url":"https:\/\/www.oureval.fr\/en\/","logo":{"@type":"ImageObject","inLanguage":"en-US","@id":"https:\/\/www.oureval.fr\/en\/#\/schema\/logo\/image\/","url":"https:\/\/www.oureval.fr\/wp-inside\/uploads\/2021\/03\/logo-oureval_2x.png","contentUrl":"https:\/\/www.oureval.fr\/wp-inside\/uploads\/2021\/03\/logo-oureval_2x.png","width":440,"height":100,"caption":"Our\u00e9val"},"image":{"@id":"https:\/\/www.oureval.fr\/en\/#\/schema\/logo\/image\/"},"sameAs":["https:\/\/www.linkedin.com\/company\/oureval-sa\/","https:\/\/www.youtube.com\/channel\/UCiwjM6m7zBNi_SpwVvTWDIw"]}]}},"_links":{"self":[{"href":"https:\/\/www.oureval.fr\/en\/wp-json\/wp\/v2\/pages\/1515","targetHints":{"allow":["GET"]}}],"collection":[{"href":"https:\/\/www.oureval.fr\/en\/wp-json\/wp\/v2\/pages"}],"about":[{"href":"https:\/\/www.oureval.fr\/en\/wp-json\/wp\/v2\/types\/page"}],"author":[{"embeddable":true,"href":"https:\/\/www.oureval.fr\/en\/wp-json\/wp\/v2\/users\/3"}],"replies":[{"embeddable":true,"href":"https:\/\/www.oureval.fr\/en\/wp-json\/wp\/v2\/comments?post=1515"}],"version-history":[{"count":3,"href":"https:\/\/www.oureval.fr\/en\/wp-json\/wp\/v2\/pages\/1515\/revisions"}],"predecessor-version":[{"id":1839,"href":"https:\/\/www.oureval.fr\/en\/wp-json\/wp\/v2\/pages\/1515\/revisions\/1839"}],"up":[{"embeddable":true,"href":"https:\/\/www.oureval.fr\/en\/wp-json\/wp\/v2\/pages\/1492"}],"wp:featuredmedia":[{"embeddable":true,"href":"https:\/\/www.oureval.fr\/en\/wp-json\/wp\/v2\/media\/966"}],"wp:attachment":[{"href":"https:\/\/www.oureval.fr\/en\/wp-json\/wp\/v2\/media?parent=1515"}],"curies":[{"name":"wp","href":"https:\/\/api.w.org\/{rel}","templated":true}]}}